{"id":27,"date":"2022-09-19T11:03:22","date_gmt":"2022-09-19T11:03:22","guid":{"rendered":"https:\/\/latrobadahotelboutique.aviratodesign.com\/?page_id=27"},"modified":"2026-04-30T13:22:07","modified_gmt":"2026-04-30T13:22:07","slug":"aviso-legal","status":"publish","type":"page","link":"https:\/\/latrobadahotelboutique.com\/cat\/aviso-legal\/","title":{"rendered":"Aviso legal"},"content":{"rendered":"\t\t<div data-elementor-type=\"wp-page\" data-elementor-id=\"27\" class=\"elementor elementor-27\" data-elementor-post-type=\"page\">\n\t\t\t\t<div class=\"elementor-element elementor-element-237c98a e-flex e-con-boxed e-con e-parent\" data-id=\"237c98a\" data-element_type=\"container\" data-e-type=\"container\" data-settings=\"{&quot;background_background&quot;:&quot;classic&quot;}\">\n\t\t\t\t\t<div class=\"e-con-inner\">\n\t\t\t\t\t<\/div>\n\t\t\t\t<\/div>\n\t\t<div class=\"elementor-element elementor-element-fd066c8 e-flex e-con-boxed e-con e-parent\" data-id=\"fd066c8\" data-element_type=\"container\" data-e-type=\"container\">\n\t\t\t\t\t<div class=\"e-con-inner\">\n\t\t\t\t<div class=\"elementor-element elementor-element-b725289 elementor-widget elementor-widget-text-editor\" data-id=\"b725289\" data-element_type=\"widget\" data-e-type=\"widget\" data-widget_type=\"text-editor.default\">\n\t\t\t\t<div class=\"elementor-widget-container\">\n\t\t\t\t\t\t\t\t\t<p><strong><u>AVIS LEGAL<\/u><\/strong><\/p><p>El prop\u00f2sit d&#8217;aquest Av\u00eds Legal, \u00e9s informar els usuaris de <a href=\"http:\/\/www.latrobadahotel.com\">www.latrobadahotel.com<\/a> domiciliada a, Passeig Honorat Vilamanya, 4, 17500, Ripoll,la ra\u00f3 social del Responsable del tractament \u00e9s LA TROBADA HOTEL, S.L. , de quina \u00e9s la seva pol\u00edtica de protecci\u00f3 de la privacitat i confidencialitat de les dades de car\u00e0cter personal segons el Reglament General de Protecci\u00f3 de dades (RGPD) que els seus usuaris faciliten de forma lliure i volunt\u00e0ria.<\/p><p>LA TROBADA HOTEL, S.L.\u00a0 posa en el seu coneixement que disposa de les seves dades de car\u00e0cter personal especificades en el corresponent registre d&#8217;activitats del tractament de l&#8217;empresa denominat Gesti\u00f3 d&#8217;Usuaris web.<\/p><p>La base legal per al tractament de les seves dades \u00e9s el consentiment obtingut del mateix titular del tractament en el moment d&#8217;emplenar el formulari on-line i acceptar de forma expressa el mateix.<\/p><p>La finalitat de la creaci\u00f3, exist\u00e8ncia i manteniment \u00e9s el tractament de les dades amb exclusius fins de poder fer efectiva seva sol\u00b7licitud de reserva com a client a trav\u00e9s d&#8217;aquesta via i si ho desitja poder enviar-li informaci\u00f3 comercial.<\/p><p>Els destinataris de la informaci\u00f3 s\u00f3n tots els departaments, compartiments, locals i ens associats en els quals s&#8217;organitza LA TROBADA HOTEL, S.L. , i no seran cedides a cap tercer excepte en els casos que hi hagi una obligaci\u00f3 legal.<\/p><p>En tot cas, vost\u00e8 t\u00e9 dret a obtenir confirmaci\u00f3 sobre si a LA TROBADA HOTEL, S.L. , estem tractant les seves dades personals per tant t\u00e9 dret a accedir a les mateixes, rectificar les inexactes o sol\u00b7licitar-ne-la seva supressi\u00f3 quan les dades ja no siguin necess\u00e0ries.<\/p><p>Els camps del formulari on-line marcats amb un asterisc s\u00f3n d&#8217;obligada complementaci\u00f3 per poder fer efectiva la seva sol\u00b7licitud de reserva.<\/p><p>La Web <a href=\"http:\/\/www.latrobadahotel.com\">www.latrobadahotel.com<\/a>\u00a0 ha adoptat les mesures d&#8217;\u00edndole t\u00e8cnica i organitzatives necess\u00e0ries, segons el nivell de seguretat de protecci\u00f3 de dades que li correspon legalment, per garantir la seguretat del tractament de dades de car\u00e0cter personal que constitueixen el seu tractament automatitzat. No obstant aix\u00f2, l&#8217;usuari ha de ser conscient que en l&#8217;actualitat les mesures de seguretat a Internet no s\u00f3n inexpugnables i per tant no s&#8217;est\u00e0 fora de perill de possibles intromissions il\u00b7legals i indegudes, que no serien responsabilitat de LA TROBADA HOTEL, S.L. ,\u00a0 ja que ella ha actuat amb la dilig\u00e8ncia deguda per a protegir les dades conforme determina la llei.<\/p><p>La Web <a href=\"http:\/\/www.latrobadahotel.com\">www.latrobadahotel.com<\/a> \u00a0fa servir cookies o altres procediments similars amb finalitats merament estad\u00edstiques. Aquestes informacions es capten de forma autom\u00e0tica i an\u00f2nima, de manera que no \u00e9s possible identificar individualment a cap usuari. Els usuaris poden impedir el funcionament de les cookies mitjan\u00e7ant les opcions que tots els navegadors posen a la seva disposici\u00f3. Es recomana als usuaris que volen desactivar les galetes que consultin els sistemes d&#8217;ajuda dels navegadors que utilitzen<\/p><p>La Web www.latrobadahotel.com, far\u00e0 tot el possible perqu\u00e8 les seves dades estiguin sempre actualitzades. No obstant aix\u00f2, la responsabilitat sobre la qualitat de les dades dep\u00e8n del titular d&#8217;ells, per aquest motiu si hi ha alguna modificaci\u00f3 de les dades l&#8217;usuari de la web els comunicar\u00e0 al Responsable del Tractament, declinant aquesta tota responsabilitat en cas que ometi la seva obligaci\u00f3 de notificar els canvis.<\/p><p>La prestaci\u00f3 del servei de portal i les presents condicions d&#8217;\u00fas del lloc web es regeixen per la Llei Espanyola. Per a qualsevol discrep\u00e0ncia en l&#8217;execuci\u00f3, interpretaci\u00f3, compliment d&#8217;aquestes condicions, les parts se sotmeten als jutjats i tribunals competents.<\/p>\t\t\t\t\t\t\t\t<\/div>\n\t\t\t\t<\/div>\n\t\t\t\t\t<\/div>\n\t\t\t\t<\/div>\n\t\t\t\t<\/div>\n\t\t","protected":false},"excerpt":{"rendered":"<p>AVIS LEGAL El prop\u00f2sit d&#8217;aquest Av\u00eds Legal, \u00e9s informar els usuaris de www.latrobadahotel.com domiciliada a, Passeig Honorat Vilamanya, 4, 17500, Ripoll,la ra\u00f3 social del Responsable del tractament \u00e9s LA TROBADA HOTEL, S.L. , de quina \u00e9s la seva pol\u00edtica de protecci\u00f3 de la privacitat i confidencialitat de les dades de car\u00e0cter personal segons el Reglament [&hellip;]<\/p>\n","protected":false},"author":1,"featured_media":0,"parent":0,"menu_order":0,"comment_status":"closed","ping_status":"closed","template":"elementor_header_footer","meta":{"footnotes":""},"class_list":["post-27","page","type-page","status-publish","hentry"],"yoast_head":"<!-- This site is optimized with the Yoast SEO plugin v27.5 - https:\/\/yoast.com\/product\/yoast-seo-wordpress\/ -->\n<title>Aviso legal - la trobada cat<\/title>\n<meta name=\"robots\" content=\"noindex, nofollow\" \/>\n<meta property=\"og:locale\" content=\"es_ES\" \/>\n<meta property=\"og:type\" content=\"article\" \/>\n<meta property=\"og:title\" content=\"Aviso legal - la trobada cat\" \/>\n<meta property=\"og:description\" content=\"AVIS LEGAL El prop\u00f2sit d&#8217;aquest Av\u00eds Legal, \u00e9s informar els usuaris de www.latrobadahotel.com domiciliada a, Passeig Honorat Vilamanya, 4, 17500, Ripoll,la ra\u00f3 social del Responsable del tractament \u00e9s LA TROBADA HOTEL, S.L. , de quina \u00e9s la seva pol\u00edtica de protecci\u00f3 de la privacitat i confidencialitat de les dades de car\u00e0cter personal segons el Reglament [&hellip;]\" \/>\n<meta property=\"og:url\" content=\"https:\/\/latrobadahotelboutique.com\/cat\/aviso-legal\/\" \/>\n<meta property=\"og:site_name\" content=\"la trobada cat\" \/>\n<meta property=\"article:modified_time\" content=\"2026-04-30T13:22:07+00:00\" \/>\n<meta name=\"twitter:card\" content=\"summary_large_image\" \/>\n<meta name=\"twitter:label1\" content=\"Tiempo de lectura\" \/>\n\t<meta name=\"twitter:data1\" content=\"3 minutos\" \/>\n<script type=\"application\/ld+json\" class=\"yoast-schema-graph\">{\"@context\":\"https:\\\/\\\/schema.org\",\"@graph\":[{\"@type\":\"WebPage\",\"@id\":\"https:\\\/\\\/latrobadahotelboutique.com\\\/cat\\\/aviso-legal\\\/\",\"url\":\"https:\\\/\\\/latrobadahotelboutique.com\\\/cat\\\/aviso-legal\\\/\",\"name\":\"Aviso legal - la trobada cat\",\"isPartOf\":{\"@id\":\"https:\\\/\\\/latrobadahotelboutique.com\\\/#website\"},\"datePublished\":\"2022-09-19T11:03:22+00:00\",\"dateModified\":\"2026-04-30T13:22:07+00:00\",\"breadcrumb\":{\"@id\":\"https:\\\/\\\/latrobadahotelboutique.com\\\/cat\\\/aviso-legal\\\/#breadcrumb\"},\"inLanguage\":\"es\",\"potentialAction\":[{\"@type\":\"ReadAction\",\"target\":[\"https:\\\/\\\/latrobadahotelboutique.com\\\/cat\\\/aviso-legal\\\/\"]}]},{\"@type\":\"BreadcrumbList\",\"@id\":\"https:\\\/\\\/latrobadahotelboutique.com\\\/cat\\\/aviso-legal\\\/#breadcrumb\",\"itemListElement\":[{\"@type\":\"ListItem\",\"position\":1,\"name\":\"Portada\",\"item\":\"https:\\\/\\\/latrobadahotelboutique.com\\\/cat\\\/\"},{\"@type\":\"ListItem\",\"position\":2,\"name\":\"Aviso legal\"}]},{\"@type\":\"WebSite\",\"@id\":\"https:\\\/\\\/latrobadahotelboutique.com\\\/#website\",\"url\":\"https:\\\/\\\/latrobadahotelboutique.com\\\/\",\"name\":\"la trobada cat\",\"description\":\"Web Oficial - Mejor precio Garantizado\",\"publisher\":{\"@id\":\"https:\\\/\\\/latrobadahotelboutique.com\\\/#organization\"},\"potentialAction\":[{\"@type\":\"SearchAction\",\"target\":{\"@type\":\"EntryPoint\",\"urlTemplate\":\"https:\\\/\\\/latrobadahotelboutique.com\\\/?s={search_term_string}\"},\"query-input\":{\"@type\":\"PropertyValueSpecification\",\"valueRequired\":true,\"valueName\":\"search_term_string\"}}],\"inLanguage\":\"es\"},{\"@type\":\"Organization\",\"@id\":\"https:\\\/\\\/latrobadahotelboutique.com\\\/#organization\",\"name\":\"la trobada cat\",\"url\":\"https:\\\/\\\/latrobadahotelboutique.com\\\/\",\"logo\":{\"@type\":\"ImageObject\",\"inLanguage\":\"es\",\"@id\":\"https:\\\/\\\/latrobadahotelboutique.com\\\/#\\\/schema\\\/logo\\\/image\\\/\",\"url\":\"https:\\\/\\\/latrobadahotelboutique.com\\\/cat\\\/wp-content\\\/uploads\\\/sites\\\/6\\\/cropped-logotipo-latrobada-dorado.webp\",\"contentUrl\":\"https:\\\/\\\/latrobadahotelboutique.com\\\/cat\\\/wp-content\\\/uploads\\\/sites\\\/6\\\/cropped-logotipo-latrobada-dorado.webp\",\"width\":500,\"height\":100,\"caption\":\"la trobada cat\"},\"image\":{\"@id\":\"https:\\\/\\\/latrobadahotelboutique.com\\\/#\\\/schema\\\/logo\\\/image\\\/\"}}]}<\/script>\n<!-- \/ Yoast SEO plugin. -->","yoast_head_json":{"title":"Aviso legal - la trobada cat","robots":{"index":"noindex","follow":"nofollow"},"og_locale":"es_ES","og_type":"article","og_title":"Aviso legal - la trobada cat","og_description":"AVIS LEGAL El prop\u00f2sit d&#8217;aquest Av\u00eds Legal, \u00e9s informar els usuaris de www.latrobadahotel.com domiciliada a, Passeig Honorat Vilamanya, 4, 17500, Ripoll,la ra\u00f3 social del Responsable del tractament \u00e9s LA TROBADA HOTEL, S.L. , de quina \u00e9s la seva pol\u00edtica de protecci\u00f3 de la privacitat i confidencialitat de les dades de car\u00e0cter personal segons el Reglament [&hellip;]","og_url":"https:\/\/latrobadahotelboutique.com\/cat\/aviso-legal\/","og_site_name":"la trobada cat","article_modified_time":"2026-04-30T13:22:07+00:00","twitter_card":"summary_large_image","twitter_misc":{"Tiempo de lectura":"3 minutos"},"schema":{"@context":"https:\/\/schema.org","@graph":[{"@type":"WebPage","@id":"https:\/\/latrobadahotelboutique.com\/cat\/aviso-legal\/","url":"https:\/\/latrobadahotelboutique.com\/cat\/aviso-legal\/","name":"Aviso legal - la trobada cat","isPartOf":{"@id":"https:\/\/latrobadahotelboutique.com\/#website"},"datePublished":"2022-09-19T11:03:22+00:00","dateModified":"2026-04-30T13:22:07+00:00","breadcrumb":{"@id":"https:\/\/latrobadahotelboutique.com\/cat\/aviso-legal\/#breadcrumb"},"inLanguage":"es","potentialAction":[{"@type":"ReadAction","target":["https:\/\/latrobadahotelboutique.com\/cat\/aviso-legal\/"]}]},{"@type":"BreadcrumbList","@id":"https:\/\/latrobadahotelboutique.com\/cat\/aviso-legal\/#breadcrumb","itemListElement":[{"@type":"ListItem","position":1,"name":"Portada","item":"https:\/\/latrobadahotelboutique.com\/cat\/"},{"@type":"ListItem","position":2,"name":"Aviso legal"}]},{"@type":"WebSite","@id":"https:\/\/latrobadahotelboutique.com\/#website","url":"https:\/\/latrobadahotelboutique.com\/","name":"la trobada cat","description":"Web Oficial - Mejor precio Garantizado","publisher":{"@id":"https:\/\/latrobadahotelboutique.com\/#organization"},"potentialAction":[{"@type":"SearchAction","target":{"@type":"EntryPoint","urlTemplate":"https:\/\/latrobadahotelboutique.com\/?s={search_term_string}"},"query-input":{"@type":"PropertyValueSpecification","valueRequired":true,"valueName":"search_term_string"}}],"inLanguage":"es"},{"@type":"Organization","@id":"https:\/\/latrobadahotelboutique.com\/#organization","name":"la trobada cat","url":"https:\/\/latrobadahotelboutique.com\/","logo":{"@type":"ImageObject","inLanguage":"es","@id":"https:\/\/latrobadahotelboutique.com\/#\/schema\/logo\/image\/","url":"https:\/\/latrobadahotelboutique.com\/cat\/wp-content\/uploads\/sites\/6\/cropped-logotipo-latrobada-dorado.webp","contentUrl":"https:\/\/latrobadahotelboutique.com\/cat\/wp-content\/uploads\/sites\/6\/cropped-logotipo-latrobada-dorado.webp","width":500,"height":100,"caption":"la trobada cat"},"image":{"@id":"https:\/\/latrobadahotelboutique.com\/#\/schema\/logo\/image\/"}}]}},"_links":{"self":[{"href":"https:\/\/latrobadahotelboutique.com\/cat\/wp-json\/wp\/v2\/pages\/27","targetHints":{"allow":["GET"]}}],"collection":[{"href":"https:\/\/latrobadahotelboutique.com\/cat\/wp-json\/wp\/v2\/pages"}],"about":[{"href":"https:\/\/latrobadahotelboutique.com\/cat\/wp-json\/wp\/v2\/types\/page"}],"author":[{"embeddable":true,"href":"https:\/\/latrobadahotelboutique.com\/cat\/wp-json\/wp\/v2\/users\/1"}],"replies":[{"embeddable":true,"href":"https:\/\/latrobadahotelboutique.com\/cat\/wp-json\/wp\/v2\/comments?post=27"}],"version-history":[{"count":6,"href":"https:\/\/latrobadahotelboutique.com\/cat\/wp-json\/wp\/v2\/pages\/27\/revisions"}],"predecessor-version":[{"id":2208,"href":"https:\/\/latrobadahotelboutique.com\/cat\/wp-json\/wp\/v2\/pages\/27\/revisions\/2208"}],"wp:attachment":[{"href":"https:\/\/latrobadahotelboutique.com\/cat\/wp-json\/wp\/v2\/media?parent=27"}],"curies":[{"name":"wp","href":"https:\/\/api.w.org\/{rel}","templated":true}]}}